{"id":284,"date":"2022-07-31T16:45:58","date_gmt":"2022-07-31T15:45:58","guid":{"rendered":"https:\/\/uj.subitransz.com\/?page_id=284"},"modified":"2022-07-31T20:23:52","modified_gmt":"2022-07-31T19:23:52","slug":"csatornazas","status":"publish","type":"page","link":"https:\/\/www.subitransz.com\/index.php\/csatornazas\/","title":{"rendered":"Csatorn\u00e1z\u00e1s"},"content":{"rendered":"\t\t<div data-elementor-type=\"wp-page\" data-elementor-id=\"284\" class=\"elementor elementor-284\">\n\t\t\t\t\t\t<div class=\"elementor-inner\">\n\t\t\t\t<div class=\"elementor-section-wrap\">\n\t\t\t\t\t\t\t\t\t<header class=\"elementor-section elementor-top-section elementor-element elementor-element-c994bac elementor-section-full_width elementor-section-height-min-height elementor-section-content-middle elementor-section-height-default elementor-section-items-middle\" data-id=\"c994bac\" data-element_type=\"section\" data-settings=\"{&quot;background_background&quot;:&quot;classic&quot;}\">\n\t\t\t\t\t\t<div class=\"elementor-container elementor-column-gap-no\">\n\t\t\t\t\t\t\t<div class=\"elementor-row\">\n\t\t\t\t\t<div class=\"elementor-column elementor-col-50 elementor-top-column elementor-element elementor-element-47d758ce\" data-id=\"47d758ce\" data-element_type=\"column\">\n\t\t\t<div class=\"elementor-column-wrap elementor-element-populated\">\n\t\t\t\t\t\t\t<div class=\"elementor-widget-wrap\">\n\t\t\t\t\t\t<div class=\"elementor-element elementor-element-3ba9593a elementor-widget elementor-widget-image\" data-id=\"3ba9593a\" data-element_type=\"widget\" data-widget_type=\"image.default\">\n\t\t\t\t<div class=\"elementor-widget-container\">\n\t\t\t\t\t\t\t\t<div class=\"elementor-image\">\n\t\t\t\t\t\t\t\t\t\t\t\t\t<a href=\"https:\/\/www.subitransz.com\">\n\t\t\t\t\t\t\t<img decoding=\"async\" width=\"272\" height=\"62\" src=\"https:\/\/www.subitransz.com\/wp-content\/uploads\/2022\/07\/logo.png\" class=\"attachment-full size-full wp-image-14\" alt=\"\" loading=\"lazy\" style=\"width:100%;height:22.79%;max-width:272px\" \/>\t\t\t\t\t\t\t\t<\/a>\n\t\t\t\t\t\t\t\t\t\t\t\t\t\t<\/div>\n\t\t\t\t\t\t<\/div>\n\t\t\t\t<\/div>\n\t\t\t\t\t\t<\/div>\n\t\t\t\t\t<\/div>\n\t\t<\/div>\n\t\t\t\t<div class=\"elementor-column elementor-col-50 elementor-top-column elementor-element elementor-element-13d876a3\" data-id=\"13d876a3\" data-element_type=\"column\">\n\t\t\t<div class=\"elementor-column-wrap elementor-element-populated\">\n\t\t\t\t\t\t\t<div class=\"elementor-widget-wrap\">\n\t\t\t\t\t\t<div class=\"elementor-element elementor-element-9c5457a elementor-nav-menu--stretch elementor-widget__width-auto elementor-nav-menu__text-align-center elementor-nav-menu--dropdown-tablet elementor-nav-menu--toggle elementor-nav-menu--burger elementor-widget elementor-widget-nav-menu\" data-id=\"9c5457a\" data-element_type=\"widget\" data-settings=\"{&quot;full_width&quot;:&quot;stretch&quot;,&quot;layout&quot;:&quot;horizontal&quot;,&quot;submenu_icon&quot;:{&quot;value&quot;:&quot;&lt;i class=\\&quot;fas fa-caret-down\\&quot;&gt;&lt;\\\/i&gt;&quot;,&quot;library&quot;:&quot;fa-solid&quot;},&quot;toggle&quot;:&quot;burger&quot;}\" data-widget_type=\"nav-menu.default\">\n\t\t\t\t<div class=\"elementor-widget-container\">\n\t\t\t\t\t\t<nav migration_allowed=\"1\" migrated=\"0\" role=\"navigation\" class=\"elementor-nav-menu--main elementor-nav-menu__container elementor-nav-menu--layout-horizontal e--pointer-background e--animation-sweep-right\">\n\t\t\t\t<ul id=\"menu-1-9c5457a\" class=\"elementor-nav-menu\"><li class=\"menu-item menu-item-type-post_type menu-item-object-page menu-item-home menu-item-337\"><a href=\"https:\/\/www.subitransz.com\/\" class=\"elementor-item\">F\u0151ldal<\/a><\/li>\n<li class=\"menu-item menu-item-type-post_type menu-item-object-page menu-item-250\"><a href=\"https:\/\/www.subitransz.com\/index.php\/szolgaltatasaink\/\" class=\"elementor-item\">Szolg\u00e1ltat\u00e1saink<\/a><\/li>\n<li class=\"menu-item menu-item-type-post_type menu-item-object-page menu-item-334\"><a href=\"https:\/\/www.subitransz.com\/index.php\/deponia-2-2-2-2\/\" class=\"elementor-item\">B\u00e9rg\u00e9pek<\/a><\/li>\n<li class=\"menu-item menu-item-type-post_type menu-item-object-page menu-item-335\"><a href=\"https:\/\/www.subitransz.com\/index.php\/referenciaink\/\" class=\"elementor-item\">Referenci\u00e1ink<\/a><\/li>\n<li class=\"menu-item menu-item-type-post_type menu-item-object-page menu-item-336\"><a href=\"https:\/\/www.subitransz.com\/index.php\/referenciaink-2\/\" class=\"elementor-item\">Kapcsolat<\/a><\/li>\n<\/ul>\t\t\t<\/nav>\n\t\t\t\t\t<div class=\"elementor-menu-toggle\" role=\"button\" tabindex=\"0\" aria-label=\"Men\u00fc kapcsol\u00f3\" aria-expanded=\"false\">\n\t\t\t<i aria-hidden=\"true\" role=\"presentation\" class=\"elementor-menu-toggle__icon--open eicon-menu-bar\"><\/i><i aria-hidden=\"true\" role=\"presentation\" class=\"elementor-menu-toggle__icon--close eicon-close\"><\/i>\t\t\t<span class=\"elementor-screen-only\">Men\u00fc<\/span>\n\t\t<\/div>\n\t\t\t<nav class=\"elementor-nav-menu--dropdown elementor-nav-menu__container\" role=\"navigation\" aria-hidden=\"true\">\n\t\t\t\t<ul id=\"menu-2-9c5457a\" class=\"elementor-nav-menu\"><li class=\"menu-item menu-item-type-post_type menu-item-object-page menu-item-home menu-item-337\"><a href=\"https:\/\/www.subitransz.com\/\" class=\"elementor-item\" tabindex=\"-1\">F\u0151ldal<\/a><\/li>\n<li class=\"menu-item menu-item-type-post_type menu-item-object-page menu-item-250\"><a href=\"https:\/\/www.subitransz.com\/index.php\/szolgaltatasaink\/\" class=\"elementor-item\" tabindex=\"-1\">Szolg\u00e1ltat\u00e1saink<\/a><\/li>\n<li class=\"menu-item menu-item-type-post_type menu-item-object-page menu-item-334\"><a href=\"https:\/\/www.subitransz.com\/index.php\/deponia-2-2-2-2\/\" class=\"elementor-item\" tabindex=\"-1\">B\u00e9rg\u00e9pek<\/a><\/li>\n<li class=\"menu-item menu-item-type-post_type menu-item-object-page menu-item-335\"><a href=\"https:\/\/www.subitransz.com\/index.php\/referenciaink\/\" class=\"elementor-item\" tabindex=\"-1\">Referenci\u00e1ink<\/a><\/li>\n<li class=\"menu-item menu-item-type-post_type menu-item-object-page menu-item-336\"><a href=\"https:\/\/www.subitransz.com\/index.php\/referenciaink-2\/\" class=\"elementor-item\" tabindex=\"-1\">Kapcsolat<\/a><\/li>\n<\/ul>\t\t\t<\/nav>\n\t\t\t\t<\/div>\n\t\t\t\t<\/div>\n\t\t\t\t\t\t<\/div>\n\t\t\t\t\t<\/div>\n\t\t<\/div>\n\t\t\t\t\t\t\t\t<\/div>\n\t\t\t\t\t<\/div>\n\t\t<\/header>\n\t\t\t\t<section class=\"elementor-section elementor-top-section elementor-element elementor-element-17f2b016 elementor-section-full_width elementor-section-height-default elementor-section-height-default\" data-id=\"17f2b016\" data-element_type=\"section\" data-settings=\"{&quot;background_background&quot;:&quot;classic&quot;}\">\n\t\t\t\t\t\t<div class=\"elementor-container elementor-column-gap-default\">\n\t\t\t\t\t\t\t<div class=\"elementor-row\">\n\t\t\t\t\t<div class=\"elementor-column elementor-col-100 elementor-top-column elementor-element elementor-element-21a1f53\" data-id=\"21a1f53\" data-element_type=\"column\">\n\t\t\t<div class=\"elementor-column-wrap elementor-element-populated\">\n\t\t\t\t\t\t\t<div class=\"elementor-widget-wrap\">\n\t\t\t\t\t\t<div class=\"elementor-element elementor-element-6c553b31 elementor-widget elementor-widget-heading\" data-id=\"6c553b31\" data-element_type=\"widget\" data-widget_type=\"heading.default\">\n\t\t\t\t<div class=\"elementor-widget-container\">\n\t\t\t<h2 class=\"elementor-heading-title elementor-size-default\">Csatorn\u00e1z\u00e1s<\/h2>\t\t<\/div>\n\t\t\t\t<\/div>\n\t\t\t\t\t\t<\/div>\n\t\t\t\t\t<\/div>\n\t\t<\/div>\n\t\t\t\t\t\t\t\t<\/div>\n\t\t\t\t\t<\/div>\n\t\t<\/section>\n\t\t\t\t<section class=\"elementor-section elementor-top-section elementor-element elementor-element-4053155 elementor-section-full_width elementor-section-height-default elementor-section-height-default\" data-id=\"4053155\" data-element_type=\"section\">\n\t\t\t\t\t\t<div class=\"elementor-container elementor-column-gap-default\">\n\t\t\t\t\t\t\t<div class=\"elementor-row\">\n\t\t\t\t\t<div class=\"elementor-column elementor-col-50 elementor-top-column elementor-element elementor-element-9e47b75\" data-id=\"9e47b75\" data-element_type=\"column\">\n\t\t\t<div class=\"elementor-column-wrap elementor-element-populated\">\n\t\t\t\t\t\t\t<div class=\"elementor-widget-wrap\">\n\t\t\t\t\t\t<div class=\"elementor-element elementor-element-543bb46 elementor-widget elementor-widget-image\" data-id=\"543bb46\" data-element_type=\"widget\" data-widget_type=\"image.default\">\n\t\t\t\t<div class=\"elementor-widget-container\">\n\t\t\t\t\t\t\t\t<div class=\"elementor-image\">\n\t\t\t\t\t\t\t\t\t\t\t\t<img decoding=\"async\" src=\"https:\/\/www.subitransz.com\/wp-content\/uploads\/2022\/07\/csatornazas.jpg\" title=\"csatornazas\" alt=\"csatornazas\" loading=\"lazy\" \/>\t\t\t\t\t\t\t\t\t\t\t\t\t\t<\/div>\n\t\t\t\t\t\t<\/div>\n\t\t\t\t<\/div>\n\t\t\t\t\t\t<\/div>\n\t\t\t\t\t<\/div>\n\t\t<\/div>\n\t\t\t\t<div class=\"elementor-column elementor-col-50 elementor-top-column elementor-element elementor-element-d406081\" data-id=\"d406081\" data-element_type=\"column\">\n\t\t\t<div class=\"elementor-column-wrap elementor-element-populated\">\n\t\t\t\t\t\t\t<div class=\"elementor-widget-wrap\">\n\t\t\t\t\t\t<section class=\"elementor-section elementor-inner-section elementor-element elementor-element-8e5ec07 elementor-section-boxed elementor-section-height-default elementor-section-height-default\" data-id=\"8e5ec07\" data-element_type=\"section\">\n\t\t\t\t\t\t<div class=\"elementor-container elementor-column-gap-default\">\n\t\t\t\t\t\t\t<div class=\"elementor-row\">\n\t\t\t\t\t<div class=\"elementor-column elementor-col-100 elementor-inner-column elementor-element elementor-element-18fac9d\" data-id=\"18fac9d\" data-element_type=\"column\">\n\t\t\t<div class=\"elementor-column-wrap elementor-element-populated\">\n\t\t\t\t\t\t\t<div class=\"elementor-widget-wrap\">\n\t\t\t\t\t\t<div class=\"elementor-element elementor-element-b1e0e44 elementor-widget elementor-widget-heading\" data-id=\"b1e0e44\" data-element_type=\"widget\" data-widget_type=\"heading.default\">\n\t\t\t\t<div class=\"elementor-widget-container\">\n\t\t\t<h2 class=\"elementor-heading-title elementor-size-default\">Csatorn\u00e1z\u00e1s<\/h2>\t\t<\/div>\n\t\t\t\t<\/div>\n\t\t\t\t\t\t<\/div>\n\t\t\t\t\t<\/div>\n\t\t<\/div>\n\t\t\t\t\t\t\t\t<\/div>\n\t\t\t\t\t<\/div>\n\t\t<\/section>\n\t\t\t\t<div class=\"elementor-element elementor-element-e3fee26 elementor-widget elementor-widget-text-editor\" data-id=\"e3fee26\" data-element_type=\"widget\" data-widget_type=\"text-editor.default\">\n\t\t\t\t<div class=\"elementor-widget-container\">\n\t\t\t\t\t\t\t\t<div class=\"elementor-text-editor elementor-clearfix\">\n\t\t\t\t<p>V\u00edzelvezet\u0151 rendszerek, \u00e1raszt\u00f3 t\u00e1lc\u00e1k foly\u00e1smedrek kialak\u00edt\u00e1sa karbantart\u00e1sa, k\u00f6zcsatorna bek\u00f6t\u00e9si munk\u00e1k v\u00e9gz\u00e9se, term\u00e9szetesen ig\u00e9ny szerint f\u00f6ld elsz\u00e1ll\u00edt\u00e1ssal vagy g\u00f6d\u00f6r visszatemet\u00e9ssel egyar\u00e1nt. Tavak \u00e9s f\u00fcrd\u0151tavak gyors \u00e9s prec\u00edz kitermel\u00e9se, r\u00e9gi medrek \u00e1t\u00e9p\u00edt\u00e9s\u00e9t az orsz\u00e1g eg\u00e9sz ter\u00fclet\u00e9n v\u00e1llaljuk.<\/p>\t\t\t\t\t<\/div>\n\t\t\t\t\t\t<\/div>\n\t\t\t\t<\/div>\n\t\t\t\t<section class=\"elementor-section elementor-inner-section elementor-element elementor-element-0b218b3 elementor-section-boxed elementor-section-height-default elementor-section-height-default\" data-id=\"0b218b3\" data-element_type=\"section\">\n\t\t\t\t\t\t<div class=\"elementor-container elementor-column-gap-default\">\n\t\t\t\t\t\t\t<div class=\"elementor-row\">\n\t\t\t\t\t<div class=\"elementor-column elementor-col-100 elementor-inner-column elementor-element elementor-element-bb527a3\" data-id=\"bb527a3\" data-element_type=\"column\">\n\t\t\t<div class=\"elementor-column-wrap elementor-element-populated\">\n\t\t\t\t\t\t\t<div class=\"elementor-widget-wrap\">\n\t\t\t\t\t\t<div class=\"elementor-element elementor-element-59caa87 elementor-widget-divider--view-line elementor-widget elementor-widget-divider\" data-id=\"59caa87\" data-element_type=\"widget\" data-widget_type=\"divider.default\">\n\t\t\t\t<div class=\"elementor-widget-container\">\n\t\t\t\t\t<div class=\"elementor-divider\">\n\t\t\t<span class=\"elementor-divider-separator\">\n\t\t\t\t\t\t<\/span>\n\t\t<\/div>\n\t\t\t\t<\/div>\n\t\t\t\t<\/div>\n\t\t\t\t\t\t<\/div>\n\t\t\t\t\t<\/div>\n\t\t<\/div>\n\t\t\t\t\t\t\t\t<\/div>\n\t\t\t\t\t<\/div>\n\t\t<\/section>\n\t\t\t\t<section class=\"elementor-section elementor-inner-section elementor-element elementor-element-e5c632f elementor-section-boxed elementor-section-height-default elementor-section-height-default\" data-id=\"e5c632f\" data-element_type=\"section\">\n\t\t\t\t\t\t<div class=\"elementor-container elementor-column-gap-default\">\n\t\t\t\t\t\t\t<div class=\"elementor-row\">\n\t\t\t\t\t<div class=\"elementor-column elementor-col-50 elementor-inner-column elementor-element elementor-element-822fd49\" data-id=\"822fd49\" data-element_type=\"column\">\n\t\t\t<div class=\"elementor-column-wrap elementor-element-populated\">\n\t\t\t\t\t\t\t<div class=\"elementor-widget-wrap\">\n\t\t\t\t\t\t<div class=\"elementor-element elementor-element-03b2341 elementor-widget elementor-widget-button\" data-id=\"03b2341\" data-element_type=\"widget\" data-widget_type=\"button.default\">\n\t\t\t\t<div class=\"elementor-widget-container\">\n\t\t\t\t\t<div class=\"elementor-button-wrapper\">\n\t\t\t<a href=\"https:\/\/www.subitransz.com\/index.php\/referenciaink-2\/\" class=\"elementor-button-link elementor-button elementor-size-lg\" role=\"button\">\n\t\t\t\t\t\t<span class=\"elementor-button-content-wrapper\">\n\t\t\t\t\t\t<span class=\"elementor-button-text\">Kapcsolatfelv\u00e9tel<\/span>\n\t\t<\/span>\n\t\t\t\t\t<\/a>\n\t\t<\/div>\n\t\t\t\t<\/div>\n\t\t\t\t<\/div>\n\t\t\t\t\t\t<\/div>\n\t\t\t\t\t<\/div>\n\t\t<\/div>\n\t\t\t\t<div class=\"elementor-column elementor-col-50 elementor-inner-column elementor-element elementor-element-5e81bc7\" data-id=\"5e81bc7\" data-element_type=\"column\">\n\t\t\t<div class=\"elementor-column-wrap\">\n\t\t\t\t\t\t\t<div class=\"elementor-widget-wrap\">\n\t\t\t\t\t\t\t\t<\/div>\n\t\t\t\t\t<\/div>\n\t\t<\/div>\n\t\t\t\t\t\t\t\t<\/div>\n\t\t\t\t\t<\/div>\n\t\t<\/section>\n\t\t\t\t\t\t<\/div>\n\t\t\t\t\t<\/div>\n\t\t<\/div>\n\t\t\t\t\t\t\t\t<\/div>\n\t\t\t\t\t<\/div>\n\t\t<\/section>\n\t\t\t\t<section class=\"elementor-section elementor-top-section elementor-element elementor-element-a9ba1ba elementor-section-height-min-height elementor-hidden-phone ignore-toc elementor-section-boxed elementor-section-height-default elementor-section-items-middle\" data-id=\"a9ba1ba\" data-element_type=\"section\" data-settings=\"{&quot;background_background&quot;:&quot;classic&quot;}\">\n\t\t\t\t\t\t<div class=\"elementor-container elementor-column-gap-default\">\n\t\t\t\t\t\t\t<div class=\"elementor-row\">\n\t\t\t\t\t<div class=\"elementor-column elementor-col-100 elementor-top-column elementor-element elementor-element-63d555fd\" data-id=\"63d555fd\" data-element_type=\"column\">\n\t\t\t<div class=\"elementor-column-wrap elementor-element-populated\">\n\t\t\t\t\t\t\t<div class=\"elementor-widget-wrap\">\n\t\t\t\t\t\t<div class=\"elementor-element elementor-element-77397e90 elementor-nav-menu__align-center elementor-nav-menu--dropdown-mobile elementor-nav-menu__text-align-aside elementor-nav-menu--toggle elementor-nav-menu--burger elementor-widget elementor-widget-nav-menu\" data-id=\"77397e90\" data-element_type=\"widget\" data-settings=\"{&quot;layout&quot;:&quot;horizontal&quot;,&quot;submenu_icon&quot;:{&quot;value&quot;:&quot;&lt;i class=\\&quot;fas fa-caret-down\\&quot;&gt;&lt;\\\/i&gt;&quot;,&quot;library&quot;:&quot;fa-solid&quot;},&quot;toggle&quot;:&quot;burger&quot;}\" data-widget_type=\"nav-menu.default\">\n\t\t\t\t<div class=\"elementor-widget-container\">\n\t\t\t\t\t\t<nav migration_allowed=\"1\" migrated=\"0\" role=\"navigation\" class=\"elementor-nav-menu--main elementor-nav-menu__container elementor-nav-menu--layout-horizontal e--pointer-none\">\n\t\t\t\t<ul id=\"menu-1-77397e90\" class=\"elementor-nav-menu\"><li class=\"menu-item menu-item-type-post_type menu-item-object-page menu-item-home menu-item-337\"><a href=\"https:\/\/www.subitransz.com\/\" class=\"elementor-item\">F\u0151ldal<\/a><\/li>\n<li class=\"menu-item menu-item-type-post_type menu-item-object-page menu-item-250\"><a href=\"https:\/\/www.subitransz.com\/index.php\/szolgaltatasaink\/\" class=\"elementor-item\">Szolg\u00e1ltat\u00e1saink<\/a><\/li>\n<li class=\"menu-item menu-item-type-post_type menu-item-object-page menu-item-334\"><a href=\"https:\/\/www.subitransz.com\/index.php\/deponia-2-2-2-2\/\" class=\"elementor-item\">B\u00e9rg\u00e9pek<\/a><\/li>\n<li class=\"menu-item menu-item-type-post_type menu-item-object-page menu-item-335\"><a href=\"https:\/\/www.subitransz.com\/index.php\/referenciaink\/\" class=\"elementor-item\">Referenci\u00e1ink<\/a><\/li>\n<li class=\"menu-item menu-item-type-post_type menu-item-object-page menu-item-336\"><a href=\"https:\/\/www.subitransz.com\/index.php\/referenciaink-2\/\" class=\"elementor-item\">Kapcsolat<\/a><\/li>\n<\/ul>\t\t\t<\/nav>\n\t\t\t\t\t<div class=\"elementor-menu-toggle\" role=\"button\" tabindex=\"0\" aria-label=\"Men\u00fc kapcsol\u00f3\" aria-expanded=\"false\">\n\t\t\t<i aria-hidden=\"true\" role=\"presentation\" class=\"elementor-menu-toggle__icon--open eicon-menu-bar\"><\/i><i aria-hidden=\"true\" role=\"presentation\" class=\"elementor-menu-toggle__icon--close eicon-close\"><\/i>\t\t\t<span class=\"elementor-screen-only\">Men\u00fc<\/span>\n\t\t<\/div>\n\t\t\t<nav class=\"elementor-nav-menu--dropdown elementor-nav-menu__container\" role=\"navigation\" aria-hidden=\"true\">\n\t\t\t\t<ul id=\"menu-2-77397e90\" class=\"elementor-nav-menu\"><li class=\"menu-item menu-item-type-post_type menu-item-object-page menu-item-home menu-item-337\"><a href=\"https:\/\/www.subitransz.com\/\" class=\"elementor-item\" tabindex=\"-1\">F\u0151ldal<\/a><\/li>\n<li class=\"menu-item menu-item-type-post_type menu-item-object-page menu-item-250\"><a href=\"https:\/\/www.subitransz.com\/index.php\/szolgaltatasaink\/\" class=\"elementor-item\" tabindex=\"-1\">Szolg\u00e1ltat\u00e1saink<\/a><\/li>\n<li class=\"menu-item menu-item-type-post_type menu-item-object-page menu-item-334\"><a href=\"https:\/\/www.subitransz.com\/index.php\/deponia-2-2-2-2\/\" class=\"elementor-item\" tabindex=\"-1\">B\u00e9rg\u00e9pek<\/a><\/li>\n<li class=\"menu-item menu-item-type-post_type menu-item-object-page menu-item-335\"><a href=\"https:\/\/www.subitransz.com\/index.php\/referenciaink\/\" class=\"elementor-item\" tabindex=\"-1\">Referenci\u00e1ink<\/a><\/li>\n<li class=\"menu-item menu-item-type-post_type menu-item-object-page menu-item-336\"><a href=\"https:\/\/www.subitransz.com\/index.php\/referenciaink-2\/\" class=\"elementor-item\" tabindex=\"-1\">Kapcsolat<\/a><\/li>\n<\/ul>\t\t\t<\/nav>\n\t\t\t\t<\/div>\n\t\t\t\t<\/div>\n\t\t\t\t\t\t<\/div>\n\t\t\t\t\t<\/div>\n\t\t<\/div>\n\t\t\t\t\t\t\t\t<\/div>\n\t\t\t\t\t<\/div>\n\t\t<\/section>\n\t\t\t\t<section class=\"elementor-section elementor-top-section elementor-element elementor-element-236ef10f elementor-section-height-min-height ignore-toc elementor-section-boxed elementor-section-height-default elementor-section-items-middle\" data-id=\"236ef10f\" data-element_type=\"section\" data-settings=\"{&quot;background_background&quot;:&quot;classic&quot;}\">\n\t\t\t\t\t\t<div class=\"elementor-container elementor-column-gap-default\">\n\t\t\t\t\t\t\t<div class=\"elementor-row\">\n\t\t\t\t\t<div class=\"elementor-column elementor-col-50 elementor-top-column elementor-element elementor-element-72eb6fe4\" data-id=\"72eb6fe4\" data-element_type=\"column\">\n\t\t\t<div class=\"elementor-column-wrap elementor-element-populated\">\n\t\t\t\t\t\t\t<div class=\"elementor-widget-wrap\">\n\t\t\t\t\t\t<div class=\"elementor-element elementor-element-715f6d1e elementor-widget elementor-widget-text-editor\" data-id=\"715f6d1e\" data-element_type=\"widget\" data-widget_type=\"text-editor.default\">\n\t\t\t\t<div class=\"elementor-widget-container\">\n\t\t\t\t\t\t\t\t<div class=\"elementor-text-editor elementor-clearfix\">\n\t\t\t\t<p>SUBI TRANSZ KFT &#8212; 2536. Nyerges\u00fajfalu, Fekete Ferenc utca 7.<\/p>\t\t\t\t\t<\/div>\n\t\t\t\t\t\t<\/div>\n\t\t\t\t<\/div>\n\t\t\t\t\t\t<\/div>\n\t\t\t\t\t<\/div>\n\t\t<\/div>\n\t\t\t\t<div class=\"elementor-column elementor-col-50 elementor-top-column elementor-element elementor-element-4481c478\" data-id=\"4481c478\" data-element_type=\"column\">\n\t\t\t<div class=\"elementor-column-wrap elementor-element-populated\">\n\t\t\t\t\t\t\t<div class=\"elementor-widget-wrap\">\n\t\t\t\t\t\t<div class=\"elementor-element elementor-element-7f581a15 elementor-widget elementor-widget-heading\" data-id=\"7f581a15\" data-element_type=\"widget\" data-widget_type=\"heading.default\">\n\t\t\t\t<div class=\"elementor-widget-container\">\n\t\t\t<h2 class=\"elementor-heading-title elementor-size-default\">Minden jog fenntartva \u00a9 2022<\/h2>\t\t<\/div>\n\t\t\t\t<\/div>\n\t\t\t\t\t\t<\/div>\n\t\t\t\t\t<\/div>\n\t\t<\/div>\n\t\t\t\t\t\t\t\t<\/div>\n\t\t\t\t\t<\/div>\n\t\t<\/section>\n\t\t\t\t\t\t\t\t\t<\/div>\n\t\t\t<\/div>\n\t\t\t\t\t<\/div>\n\t\t","protected":false},"excerpt":{"rendered":"<p>Csatorn\u00e1z\u00e1s Csatorn\u00e1z\u00e1s V\u00edzelvezet\u0151 rendszerek, \u00e1raszt\u00f3 t\u00e1lc\u00e1k foly\u00e1smedrek kialak\u00edt\u00e1sa karbantart\u00e1sa, k\u00f6zcsatorna bek\u00f6t\u00e9si munk\u00e1k v\u00e9gz\u00e9se, term\u00e9szetesen ig\u00e9ny szerint f\u00f6ld elsz\u00e1ll\u00edt\u00e1ssal vagy g\u00f6d\u00f6r visszatemet\u00e9ssel egyar\u00e1nt. Tavak \u00e9s f\u00fcrd\u0151tavak gyors \u00e9s prec\u00edz kitermel\u00e9se, r\u00e9gi medrek \u00e1t\u00e9p\u00edt\u00e9s\u00e9t az orsz\u00e1g eg\u00e9sz ter\u00fclet\u00e9n v\u00e1llaljuk. Kapcsolatfelv\u00e9tel SUBI TRANSZ KFT &#8212; 2536. Nyerges\u00fajfalu, Fekete Ferenc utca 7. Minden jog fenntartva \u00a9 2022<\/p>\n","protected":false},"author":1,"featured_media":0,"parent":0,"menu_order":0,"comment_status":"closed","ping_status":"closed","template":"elementor_canvas","meta":[],"_links":{"self":[{"href":"https:\/\/www.subitransz.com\/index.php\/wp-json\/wp\/v2\/pages\/284"}],"collection":[{"href":"https:\/\/www.subitransz.com\/index.php\/wp-json\/wp\/v2\/pages"}],"about":[{"href":"https:\/\/www.subitransz.com\/index.php\/wp-json\/wp\/v2\/types\/page"}],"author":[{"embeddable":true,"href":"https:\/\/www.subitransz.com\/index.php\/wp-json\/wp\/v2\/users\/1"}],"replies":[{"embeddable":true,"href":"https:\/\/www.subitransz.com\/index.php\/wp-json\/wp\/v2\/comments?post=284"}],"version-history":[{"count":11,"href":"https:\/\/www.subitransz.com\/index.php\/wp-json\/wp\/v2\/pages\/284\/revisions"}],"predecessor-version":[{"id":394,"href":"https:\/\/www.subitransz.com\/index.php\/wp-json\/wp\/v2\/pages\/284\/revisions\/394"}],"wp:attachment":[{"href":"https:\/\/www.subitransz.com\/index.php\/wp-json\/wp\/v2\/media?parent=284"}],"curies":[{"name":"wp","href":"https:\/\/api.w.org\/{rel}","templated":true}]}}